{"id":1292,"date":"2017-06-20T09:25:28","date_gmt":"2017-06-20T09:25:28","guid":{"rendered":"http:\/\/symos.de\/?page_id=1292"},"modified":"2026-01-21T10:46:50","modified_gmt":"2026-01-21T09:46:50","slug":"impressum","status":"publish","type":"page","link":"https:\/\/symos.de\/en\/impressum","title":{"rendered":"Site notice"},"content":{"rendered":"<p>[vc_row][vc_column][vc_empty_space height=&#8221;43px&#8221;][vc_column_text]<\/p>\n<table border=\"0\">\n<tbody>\n<tr>\n<td><strong>Company name\u00a0<\/strong><\/td>\n<td>symos\u00a0GmbH<\/td>\n<\/tr>\n<tr valign=\"top\">\n<td><strong>Domicile<\/strong><\/td>\n<td>Am Tie 10<br \/>\n49086 Osnabr\u00fcck<br \/>\nDeutschland<\/td>\n<\/tr>\n<tr>\n<td><strong>Phone<\/strong><\/td>\n<td><a href=\"tel:00495419571020\">+49 541 95710-20<\/a><\/td>\n<\/tr>\n<tr>\n<td><strong>Fax<\/strong><\/td>\n<td>+49 541 95710-22<\/td>\n<\/tr>\n<tr>\n<td><strong>Email\u00a0<\/strong><\/td>\n<td><a href=\"mailto:symos@symos.de\">symos@symos.de<\/a><\/td>\n<\/tr>\n<tr>\n<td><strong>Managing Director\u00a0<\/strong><\/td>\n<td>Dipl.-Ing. oec Sandor Winter<\/td>\n<\/tr>\n<tr>\n<td><strong>Tax number<\/strong><\/td>\n<td>66\/200\/00936<\/td>\n<\/tr>\n<tr>\n<td><strong>District Court of<\/strong><\/td>\n<td>Osnabr\u00fcck HRB 211437<\/td>\n<\/tr>\n<tr>\n<td><strong>VAT ID number:<\/strong><\/td>\n<td>DE 311 569 470<\/td>\n<\/tr>\n<tr>\n<td><strong>Design &#038; Implementation<\/strong><\/td>\n<td>KLARTEXT grafikb\u00fcro\u00a0gmbh &#038; Co. KG<br \/>\n<a href=\"http:\/\/klartext-grafik.com\/\" target=\"_blank\" rel=\"no referrer noopener noreferrer\">www.klartext-grafik.com<\/a><\/td>\n<\/tr>\n<\/tbody>\n<\/table>\n<p>[\/vc_column_text][\/vc_column][\/vc_row][vc_row top=&#8221;60px&#8221; bottom=&#8221;150px&#8221; el_class=&#8221;faq-row&#8221; css=&#8221;.vc_custom_1491291747565{padding-top: 30px !important;padding-bottom: 50px !important;}&#8221;][vc_column css=&#8221;.vc_custom_1497953249757{padding-top: 0px !important;padding-right: 55% !important;}&#8221; offset=&#8221;vc_hidden-md vc_hidden-sm vc_hidden-xs&#8221;][vc_empty_space height=&#8221;30px&#8221;][vc_empty_space height=&#8221;30px&#8221;][\/vc_column][\/vc_row][vc_row top=&#8221;60px&#8221; bottom=&#8221;150px&#8221; el_class=&#8221;faq-row&#8221; css=&#8221;.vc_custom_1491291747565{padding-top: 30px !important;padding-bottom: 50px !important;}&#8221;][vc_column css=&#8221;.vc_custom_1497952799529{margin-top: -60px !important;padding-top: 0px !important;padding-right: 30% !important;}&#8221; offset=&#8221;vc_hidden-lg vc_hidden-xs&#8221;][\/vc_column][\/vc_row][vc_row css=&#8221;.vc_custom_1497953664436{margin-top: -190px !important;}&#8221;][vc_column offset=&#8221;vc_hidden-md vc_hidden-sm vc_hidden-xs&#8221;][vc_column_text]<strong>Copyright &#038; Disclaimer<\/strong><br \/>\nAll content, artwork, logos and photos are protected by copyright. Brand names and brand logos are the property of the respective owners. Our website contains links to third-party websites. We are unable to control the contents shown on these pages. Exclusively the provider or operator of the pages linked to is responsible for the content.<br \/>\n[\/vc_column_text][vc_empty_space height=&#8221;30px&#8221;][\/vc_column][\/vc_row][vc_row css=&#8221;.vc_custom_1497953599723{margin-top: 80px !important;}&#8221;][vc_column offset=&#8221;vc_hidden-lg vc_hidden-xs&#8221;][vc_column_text]<strong>Copyright &#038; Disclaimer<br \/>\n<\/strong>All content, artwork, logos and photos are protected by copyright. Brand names and brand logos are the property of the respective owners. Our website contains links to third-party websites. We are unable to control the contents shown on these pages. Exclusively the provider or operator of the pages linked to is responsible for the content.<\/p>\n<p><strong>Datenschutzerkl\u00e4rung<\/strong><br \/>\nDiese Website benutzt Google Analytics, einen Webanalysedienst der Google Inc. (\u201eGoogle\u201c). Google Analytics verwendet sog. \u201eCookies\u201c, Textdateien, die auf Ihrem Computer gespeichert werden und die eine Analyse der Benutzung der Website durch Sie erm\u00f6glichen. Die durch den Cookie erzeugten Informationen \u00fcber Ihre Benutzung dieser Website (einschlie\u00dflich Ihrer IP-Adresse) wird an einen Server von Google in den USA \u00fcbertragen und dort gespeichert. Google wird diese Informationen benutzen, um Ihre Nutzung der Website auszuwerten, um Reports \u00fcber die Websiteaktivit\u00e4ten f\u00fcr die Websitebetreiber zusammenzustellen und um weitere mit der Websitenutzung und der Internetnutzung verbundene Dienstleistungen zu erbringen. Auch wird Google diese Informationen gegebenenfalls an Dritte \u00fcbertragen, sofern dies gesetzlich vorgeschrieben oder soweit Dritte diese Daten im Auftrag von Google verarbeiten. Google wird in keinem Fall Ihre IP-Adresse mit anderen Daten von Google in Verbindung bringen. Sie k\u00f6nnen die Installation der Cookies durch eine entsprechende Einstellung Ihrer Browser Software verhindern; wir weisen Sie jedoch darauf hin, dass Sie in diesem Fall gegebenenfalls nicht s\u00e4mtliche Funktionen dieser Website vollumf\u00e4nglich nutzen k\u00f6nnen. Durch die Nutzung dieser Website erkl\u00e4ren Sie sich mit der Bearbeitung der \u00fcber Sie erhobenen Daten durch Google in der zuvor beschriebenen Art und Weise und zu dem zuvor benannten Zweck einverstanden.<\/p>\n<p>Der Datenerhebung und -speicherung kann jederzeit mit Wirkung f\u00fcr die Zukunft widersprochen werden. Angesichts der Diskussion um den Einsatz von Analysetools mit vollst\u00e4ndigen IP-Adressen m\u00f6chten wir darauf hinweisen, dass diese Website Google Analytics mit der Erweiterung \u201e_anonymizeIp()\u201c verwendet und daher IP-Adressen nur gek\u00fcrzt weiterverarbeitet werden, um eine direkte Personenbeziehbarkeit auszuschlie\u00dfen.[\/vc_column_text][vc_empty_space height=&#8221;30px&#8221;][\/vc_column][\/vc_row][vc_row css=&#8221;.vc_custom_1497953690491{margin-top: 110px !important;}&#8221;][vc_column offset=&#8221;vc_hidden-lg vc_hidden-md vc_hidden-sm&#8221;][vc_column_text]<strong>Copyright &#038; Haftungsbeschr\u00e4nkung<\/strong><br \/>\nAlle Inhalte, Grafiken, Logos und Fotos sind urheberrechtlich gesch\u00fctzt. Markennamen und Markenlogos sind Eigentum der jeweiligen Urheber. Unser Angebot enth\u00e4lt Links zu externen Webseiten Dritter, auf deren Inhalte wir keinen Einfluss haben. F\u00fcr die Inhalte der verlinkten Seiten ist stets der jeweilige Anbieter oder Betreiber der Seiten verantwortlich.<\/p>\n<p><strong>Datenschutzerkl\u00e4rung<\/strong><br \/>\nDiese Website benutzt Google Analytics, einen Webanalysedienst der Google Inc. (\u201eGoogle\u201c). Google Analytics verwendet sog. \u201eCookies\u201c, Textdateien, die auf Ihrem Computer gespeichert werden und die eine Analyse der Benutzung der Website durch Sie erm\u00f6glichen. Die durch den Cookie erzeugten Informationen \u00fcber Ihre Benutzung dieser Website (einschlie\u00dflich Ihrer IP-Adresse) wird an einen Server von Google in den USA \u00fcbertragen und dort gespeichert. Google wird diese Informationen benutzen, um Ihre Nutzung der Website auszuwerten, um Reports \u00fcber die Websiteaktivit\u00e4ten f\u00fcr die Websitebetreiber zusammenzustellen und um weitere mit der Websitenutzung und der Internetnutzung verbundene Dienstleistungen zu erbringen. Auch wird Google diese Informationen gegebenenfalls an Dritte \u00fcbertragen, sofern dies gesetzlich vorgeschrieben oder soweit Dritte diese Daten im Auftrag von Google verarbeiten. Google wird in keinem Fall Ihre IP-Adresse mit anderen Daten von Google in Verbindung bringen. Sie k\u00f6nnen die Installation der Cookies durch eine entsprechende Einstellung Ihrer Browser Software verhindern; wir weisen Sie jedoch darauf hin, dass Sie in diesem Fall gegebenenfalls nicht s\u00e4mtliche Funktionen dieser Website vollumf\u00e4nglich nutzen k\u00f6nnen. Durch die Nutzung dieser Website erkl\u00e4ren Sie sich mit der Bearbeitung der \u00fcber Sie erhobenen Daten durch Google in der zuvor beschriebenen Art und Weise und zu dem zuvor benannten Zweck einverstanden.<\/p>\n<p>Der Datenerhebung und -speicherung kann jederzeit mit Wirkung f\u00fcr die Zukunft widersprochen werden. Angesichts der Diskussion um den Einsatz von Analysetools mit vollst\u00e4ndigen IP-Adressen m\u00f6chten wir darauf hinweisen, dass diese Website Google Analytics mit der Erweiterung \u201e_anonymizeIp()\u201c verwendet und daher IP-Adressen nur gek\u00fcrzt weiterverarbeitet werden, um eine direkte Personenbeziehbarkeit auszuschlie\u00dfen.[\/vc_column_text][vc_empty_space height=&#8221;30px&#8221;][\/vc_column][\/vc_row]<\/p>\n","protected":false},"excerpt":{"rendered":"<p>[vc_row][vc_column][vc_empty_space height=&#8221;43px&#8221;][vc_column_text] Company name\u00a0 symos\u00a0GmbH Domicile Am Tie 10 49086 Osnabr\u00fcck Deutschland Phone +49 541 95710-20 Fax +49 541 95710-22 &hellip; <\/p>\n","protected":false},"author":1,"featured_media":0,"parent":0,"menu_order":0,"comment_status":"closed","ping_status":"closed","template":"page-no-paddings.php","meta":{"footnotes":""},"class_list":["post-1292","page","type-page","status-publish","hentry"],"translation":{"provider":"WPGlobus","version":"3.0.0","language":"en","enabled_languages":["de","en"],"languages":{"de":{"title":true,"content":true,"excerpt":false},"en":{"title":true,"content":true,"excerpt":false}}},"_links":{"self":[{"href":"https:\/\/symos.de\/en\/wp-json\/wp\/v2\/pages\/1292","targetHints":{"allow":["GET"]}}],"collection":[{"href":"https:\/\/symos.de\/en\/wp-json\/wp\/v2\/pages"}],"about":[{"href":"https:\/\/symos.de\/en\/wp-json\/wp\/v2\/types\/page"}],"author":[{"embeddable":true,"href":"https:\/\/symos.de\/en\/wp-json\/wp\/v2\/users\/1"}],"replies":[{"embeddable":true,"href":"https:\/\/symos.de\/en\/wp-json\/wp\/v2\/comments?post=1292"}],"version-history":[{"count":24,"href":"https:\/\/symos.de\/en\/wp-json\/wp\/v2\/pages\/1292\/revisions"}],"predecessor-version":[{"id":2043,"href":"https:\/\/symos.de\/en\/wp-json\/wp\/v2\/pages\/1292\/revisions\/2043"}],"wp:attachment":[{"href":"https:\/\/symos.de\/en\/wp-json\/wp\/v2\/media?parent=1292"}],"curies":[{"name":"wp","href":"https:\/\/api.w.org\/{rel}","templated":true}]}}