{"id":1201,"date":"2017-06-13T13:58:52","date_gmt":"2017-06-13T13:58:52","guid":{"rendered":"http:\/\/symos.de\/?page_id=1201"},"modified":"2025-11-10T13:21:33","modified_gmt":"2025-11-10T12:21:33","slug":"portrait","status":"publish","type":"page","link":"https:\/\/symos.de\/en\/portrait","title":{"rendered":"Portrait"},"content":{"rendered":"<p>[vc_row][vc_column][vc_empty_space height=&#8221;43px&#8221;][\/vc_column][\/vc_row][vc_row top=&#8221;60px&#8221; bottom=&#8221;150px&#8221; el_class=&#8221;faq-row&#8221; css=&#8221;.vc_custom_1491291747565{padding-top: 30px !important;padding-bottom: 50px !important;}&#8221;][vc_column width=&#8221;1\/2&#8243; css=&#8221;.vc_custom_1490869214804{padding-top: 0px !important;}&#8221;][mnky_heading title=&#8221;Unsere Geschichte&#8221; heading_tag=&#8221;h2&#8243; font_size=&#8221;20px&#8221; line_color=&#8221;#36638a&#8221;][vc_empty_space height=&#8221;30px&#8221;][mnky_ordered_list number=&#8221;06 \/ 2017&#8243;]Gr\u00fcndung der Firma symos GmbH<br \/>\nHerstellung von Dreh- und Fr\u00e4steilen[\/mnky_ordered_list][mnky_ordered_list number=&#8221;2013 \u2013 2018&#8243;]Umzug der Firma THERMODYNE in das Industriegebiet \u201eNordstra\u00dfe\u201c in Osnabr\u00fcck-Schinkel[\/mnky_ordered_list][mnky_ordered_list number=&#8221;2008&#8243;]\u00dcbertragung der Gesellschafteranteile der SYMANZIK GmbH &amp; Co. KG auf Sandor Winter [\/mnky_ordered_list][mnky_ordered_list number=&#8221;2002&#8243;]Verlagerung der Betriebe SYMANZIK und THERMODYNE in das Industriegebiet Am Tie 10-12 in Osnabr\u00fcck-L\u00fcstringen [\/mnky_ordered_list][mnky_ordered_list number=&#8221;2001&#8243;]\u00dcbernahme der Gesch\u00e4ftsf\u00fchrung durch Sandor Winter[\/mnky_ordered_list][mnky_ordered_list number=&#8221;1993&#8243;]Abspaltung der Schlosserei und Gr\u00fcndung der Firma DENA Stahlbau GmbH &amp; Co. mit der Gesch\u00e4ftsf\u00fchrerin Nicola Winter[\/mnky_ordered_list][mnky_ordered_list number=&#8221;1973&#8243;]\u00dcbertragung der Gesellschafteranteile der SYMANZIK-Gruppe auf Eva Winter, geb. Symanzik, Gr\u00fcndung der THERMODYNE GmbH \u2013 Herstellung von Transport und Lagerbeh\u00e4ltern[\/mnky_ordered_list][mnky_ordered_list number=&#8221;1970&#8243;]Umzug nach Osnabr\u00fcck-Fledder und \u00dcbernahme der Gesch\u00e4ftsf\u00fchrung durch Dieter Winter[\/mnky_ordered_list][mnky_ordered_list number=&#8221;1967&#8243;]Gr\u00fcndung der Firma THERMODYNE EUROPA in Zusammenarbeit mit der Firma THERMODYNE AMERIKA \u2013 Herstellung von Plastik-Containern und Polsterm\u00f6beln; PUR-Versch\u00e4umung[\/mnky_ordered_list][mnky_ordered_list number=&#8221;50er&#8221;]Zulieferer der Automobilindustrie \u2013 Werkzeugbau, Press-, Stanz-, Ziehteile\/Schwei\u00dfkonstruktionen, Weichenbau [\/mnky_ordered_list][mnky_ordered_list number=&#8221;1948&#8243;]Wiederaufbau des Betriebes ARTHUR SYMANZIK in Osnabr\u00fcck \u2013 Maschinenfabrik, Apparatebau und Metallgie\u00dferei[\/mnky_ordered_list][mnky_ordered_list number=&#8221;40er&#8221;]Verlagerung der Betriebsst\u00e4tte nach Dissen a.T.W. \u2013 mechanische Dreherei[\/mnky_ordered_list][mnky_ordered_list number=&#8221;1926&#8243;]Gr\u00fcndung der Gelbgie\u00dferei SYMANZIK &amp; KNOCHE durch Arthur Symanzik in Osnabr\u00fcck[\/mnky_ordered_list][vc_empty_space height=&#8221;30px&#8221;][\/vc_column][vc_column width=&#8221;1\/2&#8243; css=&#8221;.vc_custom_1490869218666{padding-top: 0px !important;}&#8221;][vc_gallery type=&#8221;flexslider_slide&#8221; interval=&#8221;5&#8243; images=&#8221;1208,1206,1205,1204&#8243; img_size=&#8221;large&#8221;][\/vc_column][\/vc_row]<\/p>\n","protected":false},"excerpt":{"rendered":"<p>[vc_row][vc_column][vc_empty_space height=&#8221;43px&#8221;][\/vc_column][\/vc_row][vc_row top=&#8221;60px&#8221; bottom=&#8221;150px&#8221; el_class=&#8221;faq-row&#8221; css=&#8221;.vc_custom_1491291747565{padding-top: 30px !important;padding-bottom: 50px !important;}&#8221;][vc_column width=&#8221;1\/2&#8243; css=&#8221;.vc_custom_1490869214804{padding-top: 0px !important;}&#8221;][mnky_heading title=&#8221;Unsere Geschichte&#8221; heading_tag=&#8221;h2&#8243; font_size=&#8221;20px&#8221; line_color=&#8221;#36638a&#8221;][vc_empty_space height=&#8221;30px&#8221;][mnky_ordered_list &hellip; <\/p>\n","protected":false},"author":1,"featured_media":0,"parent":0,"menu_order":0,"comment_status":"closed","ping_status":"closed","template":"page-no-paddings.php","meta":{"footnotes":""},"class_list":["post-1201","page","type-page","status-publish","hentry"],"translation":{"provider":"WPGlobus","version":"3.0.0","language":"en","enabled_languages":["de","en"],"languages":{"de":{"title":true,"content":true,"excerpt":false},"en":{"title":false,"content":false,"excerpt":false}}},"_links":{"self":[{"href":"https:\/\/symos.de\/en\/wp-json\/wp\/v2\/pages\/1201","targetHints":{"allow":["GET"]}}],"collection":[{"href":"https:\/\/symos.de\/en\/wp-json\/wp\/v2\/pages"}],"about":[{"href":"https:\/\/symos.de\/en\/wp-json\/wp\/v2\/types\/page"}],"author":[{"embeddable":true,"href":"https:\/\/symos.de\/en\/wp-json\/wp\/v2\/users\/1"}],"replies":[{"embeddable":true,"href":"https:\/\/symos.de\/en\/wp-json\/wp\/v2\/comments?post=1201"}],"version-history":[{"count":28,"href":"https:\/\/symos.de\/en\/wp-json\/wp\/v2\/pages\/1201\/revisions"}],"predecessor-version":[{"id":2018,"href":"https:\/\/symos.de\/en\/wp-json\/wp\/v2\/pages\/1201\/revisions\/2018"}],"wp:attachment":[{"href":"https:\/\/symos.de\/en\/wp-json\/wp\/v2\/media?parent=1201"}],"curies":[{"name":"wp","href":"https:\/\/api.w.org\/{rel}","templated":true}]}}