{"id":1170,"date":"2017-06-13T12:26:27","date_gmt":"2017-06-13T11:26:27","guid":{"rendered":"http:\/\/symos.de\/?page_id=1170"},"modified":"2025-12-17T09:30:29","modified_gmt":"2025-12-17T08:30:29","slug":"kontakt","status":"publish","type":"page","link":"https:\/\/symos.de\/en\/kontakt","title":{"rendered":"Kontakt"},"content":{"rendered":"<p>[vc_column offset=&#8221;vc_hidden-lg vc_hidden-md&#8221; css=&#8221;.vc_custom_1498559845655{margin-right: 0px !important;margin-left: 0px !important;padding-top: 0px !important;padding-right: 0px !important;padding-bottom: 0px !important;padding-left: 0px !important;}&#8221;][\/vc_column][vc_row][vc_column][\/vc_column][\/vc_row][vc_row gap=&#8221;35&#8243; css=&#8221;.vc_custom_1497359049312{margin-right: -18px !important;margin-left: -18px !important;}&#8221;][vc_column width=&#8221;2\/3&#8243; offset=&#8221;vc_col-md-6&#8243;][vc_column_text]<\/p>\n<h2 style=\"font-weight: 500;\">Kontaktieren Sie uns<\/h2>\n<p><span style=\"font-size: 16px;\">Wir sind f\u00fcr Sie da, per Telefon, E-Mail und nat\u00fcrlich auch pers\u00f6nlich.<br \/>\nWir freuen uns auf Ihre Anfrage!<\/span>[\/vc_column_text][vc_row_inner][vc_column_inner width=&#8221;1\/2&#8243; css=&#8221;.vc_custom_1497358885245{padding-top: 30px !important;padding-right: 30px !important;padding-bottom: 30px !important;padding-left: 0px !important;}&#8221;][mnky_service icon_type=&#8221;linecons&#8221; title=&#8221;symos GmbH&#8221; css_animation=&#8221;flipInY&#8221; css_animation_delay=&#8221;delay-200&#8243; icon_linecons=&#8221;vc_li vc_li-location&#8221;]Am Tie 10<br \/>\nD-49086 Osnabr\u00fcck[\/mnky_service][\/vc_column_inner][vc_column_inner width=&#8221;1\/2&#8243; css=&#8221;.vc_custom_1497358892931{padding-top: 30px !important;padding-right: 30px !important;padding-bottom: 30px !important;padding-left: 0px !important;}&#8221;][mnky_service icon_type=&#8221;linecons&#8221; title=&#8221;Kontakt&#8221; css_animation=&#8221;flipInY&#8221; icon_linecons=&#8221;vc_li vc_li-bubble&#8221;]Tel. +49 541 95710-20<br \/>\nFax +49 541 95710-22<br \/>\nMail symos@symos.de[\/mnky_service][\/vc_column_inner][\/vc_row_inner][\/vc_column][vc_column width=&#8221;1\/3&#8243; offset=&#8221;vc_col-md-6&#8243;][vc_gmaps link=&#8221;#E-8_JTNDaWZyYW1lJTIwc3JjJTNEJTIyaHR0cHMlM0ElMkYlMkZ3d3cuZ29vZ2xlLmNvbSUyRm1hcHMlMkZlbWJlZCUzRnBiJTNEJTIxMW0xOCUyMTFtMTIlMjExbTMlMjExZDI0NDEuMzkyODI2NTA0MzczJTIxMmQ4LjEwOTc1MTMxNjQ2ODQ1NiUyMTNkNTIuMjcyNTY5OTc5NzY4JTIxMm0zJTIxMWYwJTIxMmYwJTIxM2YwJTIxM20yJTIxMWkxMDI0JTIxMmk3NjglMjE0ZjEzLjElMjEzbTMlMjExbTIlMjExczB4NDdiOWU1NDlhZmEyNjMwMyUyNTNBMHg3YjUyMjViMWI3YzJmMDk3JTIxMnNBbSUyQlRpZSUyQjEwJTI1MkMlMkI0OTA4NiUyQk9zbmFiciUyNUMzJTI1QkNjayUyNTJDJTJCRGV1dHNjaGxhbmQlMjE1ZTAlMjEzbTIlMjExc2RlJTIxMnN1cyUyMTR2MTQ5NzM1ODM4ODIxMCUyMiUyMHdpZHRoJTNEJTIyNjAwJTIyJTIwaGVpZ2h0JTNEJTIyNDUwJTIyJTIwZnJhbWVib3JkZXIlM0QlMjIwJTIyJTIwc3R5bGUlM0QlMjJib3JkZXIlM0EwJTIyJTIwYWxsb3dmdWxsc2NyZWVuJTNFJTNDJTJGaWZyYW1lJTNF&#8221;][\/vc_column][\/vc_row][vc_row][vc_column][vc_empty_space height=&#8221;80px&#8221;][\/vc_column][\/vc_row][vc_row full_width=&#8221;stretch_row&#8221; css=&#8221;.vc_custom_1497359242671{padding-top: 60px !important;background-color: #f8f7f6 !important;}&#8221; el_id=&#8221;Ansprechpartner&#8221;][vc_column css=&#8221;.vc_custom_1490615121530{padding-top: 0px !important;}&#8221;][vc_column_text]<\/p>\n<h2 style=\"font-weight: 500;\">Ansprechpartner<\/h2>\n<p>[\/vc_column_text][\/vc_column][\/vc_row][vc_row full_width=&#8221;stretch_row&#8221; css=&#8221;.vc_custom_1497349543342{padding-top: 60px !important;background-color: #f8f7f6 !important;}&#8221;][vc_column width=&#8221;1\/3&#8243; css=&#8221;.vc_custom_1498552045361{padding-top: 0px !important;}&#8221; offset=&#8221;vc_hidden-xs&#8221;][mnky_content_box static_shadow=&#8221;shadow&#8221; css_animation=&#8221;bottom-to-top&#8221; background=&#8221;#ffffff&#8221; custom_static_shadow=&#8221;0 17px 35px rgba(74, 74, 115, 0.1),0px 5px 15px rgba(0,0,0,.07)&#8221;][mnky_person_info title=&#8221;Nele Hillebrand&#8221; subtitle=&#8221;Auftragsbearbeitung \/ Qualit\u00e4tsmanagement&#8221; description=&#8221;&#8221; img_url=&#8221;1999&#8243;][vc_column_text]<a href=\"mailto:hillebrand@symos.de\">hillebrand@symos.de<\/a><br \/>\n<a href=\"tel:05419571031\">Tel.: +49 541 95710-48<\/a><\/p>\n<p>[\/vc_column_text][\/mnky_content_box][vc_empty_space height=&#8221;30px&#8221;][mnky_content_box static_shadow=&#8221;shadow&#8221; css_animation=&#8221;bottom-to-top&#8221; background=&#8221;#ffffff&#8221; custom_static_shadow=&#8221;0 17px 35px rgba(74, 74, 115, 0.1),0px 5px 15px rgba(0,0,0,.07)&#8221;][mnky_person_info title=&#8221;Nico Deu\u00dfing&#8221; subtitle=&#8221;Fertigungsleitung&#8221; description=&#8221;&#8221; img_url=&#8221;1869&#8243;][vc_column_text]<a href=\"mailto:deussing@symos.de\">deussing@symos.de<\/a><br \/>\n<a href=\"tel:05419571033\">Tel.: +49 541 95710-33<\/a>[\/vc_column_text][\/mnky_content_box][vc_empty_space 0=&#8221;&#8221; height=&#8221;30px&#8221;][mnky_content_box static_shadow=&#8221;shadow&#8221; css_animation=&#8221;bottom-to-top&#8221; background=&#8221;#ffffff&#8221; custom_static_shadow=&#8221;0 17px 35px rgba(74, 74, 115, 0.1),0px 5px 15px rgba(0,0,0,.07)&#8221;][mnky_person_info title=&#8221;Jayanthini Manokaran&#8221; subtitle=&#8221;Auszubildende&#8221; description=&#8221;&#8221; img_url=&#8221;1961&#8243;][vc_column_text]<a href=\"mailto:manokaran@symos.de\">manokaran@symos.de<\/a><br \/>\n<a href=\"tel:05419571024\">Tel.: +49 541 95710-24<\/a><\/p>\n<p>[\/vc_column_text][\/mnky_content_box][vc_empty_space height=&#8221;30px&#8221;][mnky_content_box static_shadow=&#8221;shadow&#8221; css_animation=&#8221;bottom-to-top&#8221; css_animation_delay=&#8221;delay-200&#8243; background=&#8221;#ffffff&#8221; custom_static_shadow=&#8221;0 17px 35px rgba(74, 74, 115, 0.1),0px 5px 15px rgba(0,0,0,.07)&#8221;][mnky_person_info title=&#8221;Sandor Winter&#8221; subtitle=&#8221;Gesch\u00e4ftsf\u00fchrung&#8221; description=&#8221;&#8221; img_url=&#8221;1956&#8243;][vc_column_text]<a href=\"mailto:winter@symos.de\">winter@symos.de<\/a><br \/>\n<a href=\"tel:05419571054\">Tel.: +49 541 95710-54<\/a><br \/>\n<a href=\"tel:01791108119\">Mobil: +49 179 1108 119<\/a>[\/vc_column_text][\/mnky_content_box][vc_empty_space height=&#8221;30px&#8221;][\/vc_column][vc_column width=&#8221;1\/3&#8243; css=&#8221;.vc_custom_1498552050849{padding-top: 0px !important;}&#8221; offset=&#8221;vc_hidden-xs&#8221;][mnky_content_box static_shadow=&#8221;shadow&#8221; css_animation=&#8221;bottom-to-top&#8221; background=&#8221;#ffffff&#8221; custom_static_shadow=&#8221;0 17px 35px rgba(74, 74, 115, 0.1),0px 5px 15px rgba(0,0,0,.07)&#8221;][mnky_person_info title=&#8221;Kilian Oelgem\u00f6ller&#8221; subtitle=&#8221;Einkauf \/ Auftragsbearbeitung&#8221; description=&#8221;&#8221; img_url=&#8221;1959&#8243;][vc_column_text]<a href=\"mailto:oelgemoeller@symos.de\">oelgemoeller@symos.de<\/a><br \/>\n<a href=\"tel:05419571050\">Tel.: +49 541 95710-50<\/a><\/p>\n<p>[\/vc_column_text][\/mnky_content_box][vc_empty_space 0=&#8221;&#8221; height=&#8221;30px&#8221;][mnky_content_box static_shadow=&#8221;shadow&#8221; css_animation=&#8221;bottom-to-top&#8221; background=&#8221;#ffffff&#8221; custom_static_shadow=&#8221;0 17px 35px rgba(74, 74, 115, 0.1),0px 5px 15px rgba(0,0,0,.07)&#8221;][mnky_person_info title=&#8221;Carsten Schleibaum&#8221; subtitle=&#8221;Maschinen \/ Anlagen \/ Werkzeuge Drehtechnik&#8221; description=&#8221;&#8221; img_url=&#8221;1919&#8243;][vc_column_text]<a href=\"mailto:schleibaum@symos.de\">schleibaum@symos.de<\/a><br \/>\n<a href=\"tel:05419571031\">Tel.: +49 541 95710-31<\/a><\/p>\n<p>[\/vc_column_text][\/mnky_content_box][vc_empty_space height=&#8221;30px&#8221;][mnky_content_box static_shadow=&#8221;shadow&#8221; css_animation=&#8221;bottom-to-top&#8221; css_animation_delay=&#8221;delay-300&#8243; background=&#8221;#ffffff&#8221; custom_static_shadow=&#8221;0 17px 35px rgba(74, 74, 115, 0.1),0px 5px 15px rgba(0,0,0,.07)&#8221;][mnky_person_info title=&#8221;Andrea Fahl&#8221; subtitle=&#8221;Lohnbuchhaltung \/ Personal&#8221; description=&#8221;&#8221; img_url=&#8221;1963&#8243;][vc_column_text]<a href=\"mailto:fahl@symos.de\">fahl@symos.de<\/a><br \/>\n<a href=\"tel:05419571060\">Tel.: +49 541 95710-60<\/a>[\/vc_column_text][\/mnky_content_box][vc_empty_space height=&#8221;30px&#8221;][\/vc_column][vc_column width=&#8221;1\/3&#8243; css=&#8221;.vc_custom_1498552057965{padding-top: 0px !important;}&#8221; offset=&#8221;vc_hidden-xs&#8221;][mnky_content_box static_shadow=&#8221;shadow&#8221; css_animation=&#8221;bottom-to-top&#8221; background=&#8221;#ffffff&#8221; custom_static_shadow=&#8221;0 17px 35px rgba(74, 74, 115, 0.1),0px 5px 15px rgba(0,0,0,.07)&#8221;][mnky_person_info title=&#8221;Emine Okcu&#8221; subtitle=&#8221;Auftragsbearbeitung&#8221; description=&#8221;&#8221; img_url=&#8221;2030&#8243;][vc_column_text]<a href=\"mailto:okcu@symos.de\">okcu@symos.de<\/a><br \/>\n<a href=\"tel:05419571030\">Tel.: +49 541 95710-30<\/a>[\/vc_column_text][\/mnky_content_box][vc_empty_space 0=&#8221;&#8221; height=&#8221;30px&#8221;][mnky_content_box static_shadow=&#8221;shadow&#8221; css_animation=&#8221;bottom-to-top&#8221; background=&#8221;#ffffff&#8221; custom_static_shadow=&#8221;0 17px 35px rgba(74, 74, 115, 0.1),0px 5px 15px rgba(0,0,0,.07)&#8221;][mnky_person_info title=&#8221;Karol Beck&#8221; subtitle=&#8221;Werkzeuge Fr\u00e4stechnik&#8221; description=&#8221;&#8221; img_url=&#8221;1880&#8243;][vc_column_text]<a href=\"mailto:beck@symos.de\">beck@symos.de<\/a><br \/>\n<a href=\"tel:05419571033\">Tel.: +49 541 95710-47<\/a><\/p>\n<p>[\/vc_column_text][\/mnky_content_box][vc_empty_space height=&#8221;30px&#8221;][mnky_content_box static_shadow=&#8221;shadow&#8221; css_animation=&#8221;bottom-to-top&#8221; css_animation_delay=&#8221;delay-100&#8243; background=&#8221;#ffffff&#8221; custom_static_shadow=&#8221;0 17px 35px rgba(74, 74, 115, 0.1),0px 5px 15px rgba(0,0,0,.07)&#8221;][mnky_person_info title=&#8221;Daniela Kasselmann&#8221; subtitle=&#8221;Finanzbuchhaltung&#8221; description=&#8221;&#8221; img_url=&#8221;1538&#8243;][vc_column_text]<a href=\"mailto:kasselmann@symos.de\">kasselmann@symos.de<\/a><br \/>\n<a href=\"tel:05419571063\">Tel.: +49 541 95710-63<\/a>[\/vc_column_text][\/mnky_content_box][vc_empty_space height=&#8221;30px&#8221;][\/vc_column][\/vc_row][vc_row full_width=&#8221;stretch_row&#8221; css=&#8221;.vc_custom_1497349543342{padding-top: 60px !important;background-color: #f8f7f6 !important;}&#8221;][vc_column css=&#8221;.vc_custom_1498552466601{margin-top: -50px !important;padding-top: 0px !important;}&#8221; offset=&#8221;vc_hidden-lg vc_hidden-md vc_hidden-sm&#8221;][mnky_content_box static_shadow=&#8221;shadow&#8221; css_animation=&#8221;bottom-to-top&#8221; background=&#8221;#ffffff&#8221; custom_static_shadow=&#8221;0 17px 35px rgba(74, 74, 115, 0.1),0px 5px 15px rgba(0,0,0,.07)&#8221;][mnky_person_info title=&#8221;Nele Hillebrand&#8221; subtitle=&#8221;Auftragsbearbeitung \/ Qualit\u00e4tsmanagement&#8221; description=&#8221;&#8221; img_url=&#8221;1999&#8243;][vc_column_text]<a href=\"mailto:hillebrand@symos.de\">hillebrand@symos.de<\/a><br \/>\n<a href=\"tel:05419571048\">Tel.: +49 541 95710-48<\/a><\/p>\n<p>[\/vc_column_text][\/mnky_content_box][vc_empty_space height=&#8221;30px&#8221;][mnky_content_box static_shadow=&#8221;shadow&#8221; css_animation=&#8221;bottom-to-top&#8221; css_animation_delay=&#8221;delay-100&#8243; background=&#8221;#ffffff&#8221; custom_static_shadow=&#8221;0 17px 35px rgba(74, 74, 115, 0.1),0px 5px 15px rgba(0,0,0,.07)&#8221;][mnky_person_info title=&#8221;Kilian Oelgem\u00f6ller&#8221; subtitle=&#8221;Einkauf \/ Auftragsbearbeitung&#8221; description=&#8221;&#8221; img_url=&#8221;1959&#8243;][vc_column_text]<a href=\"mailto:oelgemoeller@symos.de\">oelgemoeller@symos.de<\/a><\/p>\n<p><a href=\"tel:05419571050\">Tel.: +49 541 95710-50<\/a><\/p>\n<p>[\/vc_column_text][\/mnky_content_box][vc_empty_space height=&#8221;30px&#8221;][mnky_content_box static_shadow=&#8221;shadow&#8221; css_animation=&#8221;bottom-to-top&#8221; css_animation_delay=&#8221;delay-100&#8243; background=&#8221;#ffffff&#8221; custom_static_shadow=&#8221;0 17px 35px rgba(74, 74, 115, 0.1),0px 5px 15px rgba(0,0,0,.07)&#8221;][mnky_person_info title=&#8221;Emine Okcu&#8221; subtitle=&#8221;Auftragsbearbeitung&#8221; description=&#8221;&#8221; img_url=&#8221;2030&#8243;][vc_column_text]<a href=\"mailto:okcu@symos.de\">okcu@symos.de<\/a><\/p>\n<p><a href=\"tel:05419571050\">Tel.: +49 541 95710-30<\/a>[\/vc_column_text][\/mnky_content_box][vc_empty_space height=&#8221;30px&#8221;][mnky_content_box static_shadow=&#8221;shadow&#8221; css_animation=&#8221;bottom-to-top&#8221; css_animation_delay=&#8221;delay-200&#8243; background=&#8221;#ffffff&#8221; custom_static_shadow=&#8221;0 17px 35px rgba(74, 74, 115, 0.1),0px 5px 15px rgba(0,0,0,.07)&#8221;][mnky_person_info title=&#8221;Sandor Winter&#8221; subtitle=&#8221;Gesch\u00e4ftsf\u00fchrung&#8221; description=&#8221;&#8221; img_url=&#8221;1956&#8243;][vc_column_text]<a href=\"mailto:winter@symos.de\">winter@symos.de<\/a><br \/>\n<a href=\"tel:05419571054\">Tel.: +49 541 95710-54<\/a><br \/>\n<a href=\"tel:01791108119\">Mobil: +49 179 1108 119<\/a>[\/vc_column_text][\/mnky_content_box][vc_empty_space height=&#8221;30px&#8221;][mnky_content_box static_shadow=&#8221;shadow&#8221; css_animation=&#8221;bottom-to-top&#8221; css_animation_delay=&#8221;delay-100&#8243; background=&#8221;#ffffff&#8221; custom_static_shadow=&#8221;0 17px 35px rgba(74, 74, 115, 0.1),0px 5px 15px rgba(0,0,0,.07)&#8221;][mnky_person_info title=&#8221;Nico Deu\u00dfing&#8221; subtitle=&#8221;Fertigungsleitung&#8221; description=&#8221;&#8221; img_url=&#8221;1869&#8243;][vc_column_text]<a href=\"mailto:deussing@symos.de\">deussing@symos.de<\/a><br \/>\n<a href=\"tel:05419571033\">Tel.: +49 541 95710-33<\/a>[\/vc_column_text][\/mnky_content_box][vc_empty_space height=&#8221;30px&#8221;][mnky_content_box static_shadow=&#8221;shadow&#8221; css_animation=&#8221;bottom-to-top&#8221; css_animation_delay=&#8221;delay-100&#8243; background=&#8221;#ffffff&#8221; custom_static_shadow=&#8221;0 17px 35px rgba(74, 74, 115, 0.1),0px 5px 15px rgba(0,0,0,.07)&#8221;][mnky_person_info title=&#8221;Carsten Schleibaum&#8221; subtitle=&#8221;Maschinen \/ Anlagen \/ Werkzeuge Drehtechnik&#8221; description=&#8221;&#8221; img_url=&#8221;1919&#8243;][vc_column_text]<a href=\"mailto:schleibaum@symos.de\">schleibaum@symos.de<\/a><br \/>\n<a href=\"tel:05419571031\">Tel.: +49 541 95710-31<\/a>[\/vc_column_text][\/mnky_content_box][vc_empty_space height=&#8221;30px&#8221;][mnky_content_box static_shadow=&#8221;shadow&#8221; css_animation=&#8221;bottom-to-top&#8221; css_animation_delay=&#8221;delay-100&#8243; background=&#8221;#ffffff&#8221; custom_static_shadow=&#8221;0 17px 35px rgba(74, 74, 115, 0.1),0px 5px 15px rgba(0,0,0,.07)&#8221;][mnky_person_info title=&#8221;Karol Beck&#8221; subtitle=&#8221;Werkzeuge Fr\u00e4stechnik&#8221; description=&#8221;&#8221; img_url=&#8221;1880&#8243;][vc_column_text]<a href=\"mailto:beck@symos.de\">beck@symos.de<\/a><br \/>\n<a href=\"tel:05419571033\">Tel.: +49 541 95710-47<\/a><\/p>\n<p>[\/vc_column_text][\/mnky_content_box][vc_empty_space height=&#8221;30px&#8221;][mnky_content_box static_shadow=&#8221;shadow&#8221; css_animation=&#8221;bottom-to-top&#8221; css_animation_delay=&#8221;delay-300&#8243; background=&#8221;#ffffff&#8221; custom_static_shadow=&#8221;0 17px 35px rgba(74, 74, 115, 0.1),0px 5px 15px rgba(0,0,0,.07)&#8221;][mnky_person_info title=&#8221;Jayanthini Manokaran&#8221; subtitle=&#8221;Auszubildende&#8221; description=&#8221;&#8221; img_url=&#8221;1961&#8243;][vc_column_text]<a href=\"mailto:manokaran@symos.de\">manokaran@symos.de<\/a><br \/>\n<a href=\"tel:05419571024\">Tel.: +49 541 95710-24<\/a><\/p>\n<p>[\/vc_column_text][\/mnky_content_box][vc_empty_space height=&#8221;30px&#8221;][mnky_content_box static_shadow=&#8221;shadow&#8221; css_animation=&#8221;bottom-to-top&#8221; css_animation_delay=&#8221;delay-300&#8243; background=&#8221;#ffffff&#8221; custom_static_shadow=&#8221;0 17px 35px rgba(74, 74, 115, 0.1),0px 5px 15px rgba(0,0,0,.07)&#8221;][mnky_person_info title=&#8221;Andrea Fahl&#8221; subtitle=&#8221;Lohnbuchhaltung \/ Personal&#8221; description=&#8221;&#8221; img_url=&#8221;1963&#8243;][vc_column_text]<a href=\"mailto:fahl@symos.de\">fahl@symos.de<\/a><br \/>\n<a href=\"tel:05419571060\">Tel.: +49 541 95710-60<\/a>[\/vc_column_text][\/mnky_content_box][vc_empty_space height=&#8221;30px&#8221;][mnky_content_box static_shadow=&#8221;shadow&#8221; css_animation=&#8221;bottom-to-top&#8221; css_animation_delay=&#8221;delay-100&#8243; background=&#8221;#ffffff&#8221; custom_static_shadow=&#8221;0 17px 35px rgba(74, 74, 115, 0.1),0px 5px 15px rgba(0,0,0,.07)&#8221;][mnky_person_info title=&#8221;Daniela Kasselmann&#8221; subtitle=&#8221;Finanzbuchhaltung&#8221; description=&#8221;&#8221; img_url=&#8221;1538&#8243;][vc_column_text]<a href=\"mailto:kasselmann@symos.de\">kasselmann@symos.de<\/a><br \/>\n<a href=\"tel:05419571063\">Tel.: +49 541 95710-63<\/a>[\/vc_column_text][\/mnky_content_box][vc_empty_space height=&#8221;30px&#8221;][\/vc_column][\/vc_row][vc_row][vc_column 0=&#8221;&#8221;][vc_column_text]<\/p>\n<p><\/p>\n<p><\/p>\n<p><!--vcv no format-->[\/vc_column_text][\/vc_column][\/vc_row][vc_row][vc_column][vc_column_text]<\/p>\n<p>[\/vc_column_text][\/vc_column][\/vc_row]<\/p>\n","protected":false},"excerpt":{"rendered":"<p>[vc_column offset=&#8221;vc_hidden-lg vc_hidden-md&#8221; css=&#8221;.vc_custom_1498559845655{margin-right: 0px !important;margin-left: 0px !important;padding-top: 0px !important;padding-right: 0px !important;padding-bottom: 0px !important;padding-left: 0px !important;}&#8221;][\/vc_column][vc_row][vc_column][\/vc_column][\/vc_row][vc_row gap=&#8221;35&#8243; css=&#8221;.vc_custom_1497359049312{margin-right: -18px !important;margin-left: &hellip; <\/p>\n","protected":false},"author":1,"featured_media":0,"parent":0,"menu_order":0,"comment_status":"closed","ping_status":"closed","template":"page-no-paddings.php","meta":{"footnotes":""},"class_list":["post-1170","page","type-page","status-publish","hentry"],"translation":{"provider":"WPGlobus","version":"3.0.0","language":"en","enabled_languages":["de","en"],"languages":{"de":{"title":true,"content":true,"excerpt":false},"en":{"title":false,"content":false,"excerpt":false}}},"_links":{"self":[{"href":"https:\/\/symos.de\/en\/wp-json\/wp\/v2\/pages\/1170","targetHints":{"allow":["GET"]}}],"collection":[{"href":"https:\/\/symos.de\/en\/wp-json\/wp\/v2\/pages"}],"about":[{"href":"https:\/\/symos.de\/en\/wp-json\/wp\/v2\/types\/page"}],"author":[{"embeddable":true,"href":"https:\/\/symos.de\/en\/wp-json\/wp\/v2\/users\/1"}],"replies":[{"embeddable":true,"href":"https:\/\/symos.de\/en\/wp-json\/wp\/v2\/comments?post=1170"}],"version-history":[{"count":135,"href":"https:\/\/symos.de\/en\/wp-json\/wp\/v2\/pages\/1170\/revisions"}],"predecessor-version":[{"id":2031,"href":"https:\/\/symos.de\/en\/wp-json\/wp\/v2\/pages\/1170\/revisions\/2031"}],"wp:attachment":[{"href":"https:\/\/symos.de\/en\/wp-json\/wp\/v2\/media?parent=1170"}],"curies":[{"name":"wp","href":"https:\/\/api.w.org\/{rel}","templated":true}]}}